{"id":1669,"date":"2025-11-16T14:47:51","date_gmt":"2025-11-16T14:47:51","guid":{"rendered":"https:\/\/johancruyffinstitute.com\/cruyffeducation\/sobre-nosotros\/"},"modified":"2026-04-14T10:05:06","modified_gmt":"2026-04-14T10:05:06","slug":"sobre-nosotros","status":"publish","type":"page","link":"https:\/\/cruyffeducation.nl\/es\/sobre-nosotros\/","title":{"rendered":"Sobre nosotros"},"content":{"rendered":"\r\n\t\t<div  class=\"block-0d1154a5-eacb-4a84-a175-9dc4f00680f9 areoi-strip areoi-element strip alignfull\">\r\n\t\t\t\r\n\t\t<div class=\"areoi-background  \">\r\n\t\t\t<div class=\"container-fluid\" style=\"padding: 0;\">\r\n\t\t\t\t<div class=\"row justify-content-start\">\r\n\t\t\t\t\t<div class=\"col \">\r\n\t\t\t            <div class=\"areoi-background__color\" \r\n\t                        \tstyle=\"background: rgba(71, 74, 137,1)\">\r\n\t                        <\/div>\r\n\r\n\t                    \r\n\r\n\t                    \r\n\r\n\t                    \r\n\t    \t\t\t<\/div>\r\n\t    \t\t<\/div>\r\n\t    \t<\/div>\r\n\t    <\/div>\r\n\t\r\n\t\t\t\n\r\n\t\t<div  class=\"block-e6f87ca0-80e7-4fb8-9fc5-9028986f60c9 areoi-element container\">\r\n\t\t\t\r\n\t\t\t\n\r\n\t\t<div  class=\"block-c3a45226-a8e6-4624-86f7-62e7cc81f0b3 row areoi-element\">\r\n\t\t\t\r\n\r\n\t\t\t\n\r\n\t\t<div  class=\"block-06e0abd5-de97-44ba-bfdb-3797f0cde4a6 col areoi-element\">\r\n\t\t\t\r\n\t\t\t\n\n<p class=\"has-base-2-color has-text-color has-link-color wp-elements-f8e8dd0b6ae5e090a4b738b9bee883b5\">\u201cEn mi experiencia, los deportistas poseen una serie de cualidades espec\u00edficas. Por ejemplo, son comprometidos y est\u00e1n orientados al rendimiento y a los objetivos. Con tales cualidades y la formaci\u00f3n adecuada, pueden convertirse en profesionales de \u00e9xito en el mundo del deporte. Nadie puede servir mejor a los intereses del deporte que alguien con el coraz\u00f3n de un deportista\u201d<\/p>\n\n \r\n\t\t\t\r\n\t\t<\/div>\r\n\t\n \r\n\t\t<\/div>\r\n\t\n \r\n\t\t<\/div>\r\n\t\n \r\n\t\t<\/div>\r\n\t\n<p><\/p>\n","protected":false},"excerpt":{"rendered":"","protected":false},"author":1,"featured_media":1670,"parent":0,"menu_order":0,"comment_status":"closed","ping_status":"closed","template":"wp-custom-template-about-us","meta":{"_uag_custom_page_level_css":"","footnotes":""},"class_list":["post-1669","page","type-page","status-publish","has-post-thumbnail","hentry"],"mb":[],"yoast_head":"<!-- This site is optimized with the Yoast SEO plugin v27.0 - https:\/\/yoast.com\/product\/yoast-seo-wordpress\/ -->\n<title>Sobre nosotros - Cruyff Education<\/title>\n<meta name=\"description\" content=\"Descubre c\u00f3mo Cruyff Education apoya a deportistas y profesionales con programas flexibles adaptados a su ritmo y estilo de vida. Proporcionamos m\u00e1xima flexibilidad en horarios y duraci\u00f3n, para que cada estudiante pueda formarse de la manera que mejor encaje con sus aspiraciones, su ritmo y su estilo de vida.\" \/>\n<meta name=\"robots\" content=\"index, follow, max-snippet:-1, max-image-preview:large, max-video-preview:-1\" \/>\n<link rel=\"canonical\" href=\"https:\/\/cruyffeducation.nl\/es\/sobre-nosotros\/\" \/>\n<meta property=\"og:locale\" content=\"es_ES\" \/>\n<meta property=\"og:type\" content=\"article\" \/>\n<meta property=\"og:title\" content=\"Sobre nosotros - Cruyff Education\" \/>\n<meta property=\"og:description\" content=\"Descubre c\u00f3mo Cruyff Education apoya a deportistas y profesionales con programas flexibles adaptados a su ritmo y estilo de vida. Proporcionamos m\u00e1xima flexibilidad en horarios y duraci\u00f3n, para que cada estudiante pueda formarse de la manera que mejor encaje con sus aspiraciones, su ritmo y su estilo de vida.\" \/>\n<meta property=\"og:url\" content=\"https:\/\/cruyffeducation.nl\/es\/sobre-nosotros\/\" \/>\n<meta property=\"og:site_name\" content=\"Cruyff Education\" \/>\n<meta property=\"article:modified_time\" content=\"2026-04-14T10:05:06+00:00\" \/>\n<meta property=\"og:image\" content=\"https:\/\/cruyffeducation.nl\/wp-content\/uploads\/2025\/11\/header-about-us.jpg\" \/>\n\t<meta property=\"og:image:width\" content=\"1894\" \/>\n\t<meta property=\"og:image:height\" content=\"814\" \/>\n\t<meta property=\"og:image:type\" content=\"image\/jpeg\" \/>\n<meta name=\"twitter:card\" content=\"summary_large_image\" \/>\n<script type=\"application\/ld+json\" class=\"yoast-schema-graph\">{\"@context\":\"https:\/\/schema.org\",\"@graph\":[{\"@type\":\"WebPage\",\"@id\":\"https:\/\/cruyffeducation.nl\/es\/sobre-nosotros\/\",\"url\":\"https:\/\/cruyffeducation.nl\/es\/sobre-nosotros\/\",\"name\":\"Sobre nosotros - Cruyff Education\",\"isPartOf\":{\"@id\":\"https:\/\/cruyffeducation.nl\/es\/#website\"},\"primaryImageOfPage\":{\"@id\":\"https:\/\/cruyffeducation.nl\/es\/sobre-nosotros\/#primaryimage\"},\"image\":{\"@id\":\"https:\/\/cruyffeducation.nl\/es\/sobre-nosotros\/#primaryimage\"},\"thumbnailUrl\":\"https:\/\/cruyffeducation.nl\/wp-content\/uploads\/2025\/11\/header-about-us.jpg\",\"datePublished\":\"2025-11-16T14:47:51+00:00\",\"dateModified\":\"2026-04-14T10:05:06+00:00\",\"description\":\"Descubre c\u00f3mo Cruyff Education apoya a deportistas y profesionales con programas flexibles adaptados a su ritmo y estilo de vida. Proporcionamos m\u00e1xima flexibilidad en horarios y duraci\u00f3n, para que cada estudiante pueda formarse de la manera que mejor encaje con sus aspiraciones, su ritmo y su estilo de vida.\",\"breadcrumb\":{\"@id\":\"https:\/\/cruyffeducation.nl\/es\/sobre-nosotros\/#breadcrumb\"},\"inLanguage\":\"es\",\"potentialAction\":[{\"@type\":\"ReadAction\",\"target\":[\"https:\/\/cruyffeducation.nl\/es\/sobre-nosotros\/\"]}]},{\"@type\":\"ImageObject\",\"inLanguage\":\"es\",\"@id\":\"https:\/\/cruyffeducation.nl\/es\/sobre-nosotros\/#primaryimage\",\"url\":\"https:\/\/cruyffeducation.nl\/wp-content\/uploads\/2025\/11\/header-about-us.jpg\",\"contentUrl\":\"https:\/\/cruyffeducation.nl\/wp-content\/uploads\/2025\/11\/header-about-us.jpg\",\"width\":1894,\"height\":814,\"caption\":\"Ciclistas compitiendo en una carrera profesional en un vel\u00f3dromo.\"},{\"@type\":\"BreadcrumbList\",\"@id\":\"https:\/\/cruyffeducation.nl\/es\/sobre-nosotros\/#breadcrumb\",\"itemListElement\":[{\"@type\":\"ListItem\",\"position\":1,\"name\":\"Home\",\"item\":\"https:\/\/cruyffeducation.nl\/es\/home\/\"},{\"@type\":\"ListItem\",\"position\":2,\"name\":\"Sobre nosotros\"}]},{\"@type\":\"WebSite\",\"@id\":\"https:\/\/cruyffeducation.nl\/es\/#website\",\"url\":\"https:\/\/cruyffeducation.nl\/es\/\",\"name\":\"Cruyff Education\",\"description\":\"\",\"publisher\":{\"@id\":\"https:\/\/cruyffeducation.nl\/es\/#organization\"},\"potentialAction\":[{\"@type\":\"SearchAction\",\"target\":{\"@type\":\"EntryPoint\",\"urlTemplate\":\"https:\/\/cruyffeducation.nl\/es\/?s={search_term_string}\"},\"query-input\":{\"@type\":\"PropertyValueSpecification\",\"valueRequired\":true,\"valueName\":\"search_term_string\"}}],\"inLanguage\":\"es\"},{\"@type\":\"Organization\",\"@id\":\"https:\/\/cruyffeducation.nl\/es\/#organization\",\"name\":\"Cruyff Education\",\"url\":\"https:\/\/cruyffeducation.nl\/es\/\",\"logo\":{\"@type\":\"ImageObject\",\"inLanguage\":\"es\",\"@id\":\"https:\/\/cruyffeducation.nl\/es\/#\/schema\/logo\/image\/\",\"url\":\"https:\/\/cruyffeducation.nl\/wp-content\/uploads\/2025\/11\/cruyff-education-logo.png\",\"contentUrl\":\"https:\/\/cruyffeducation.nl\/wp-content\/uploads\/2025\/11\/cruyff-education-logo.png\",\"width\":108,\"height\":123,\"caption\":\"Cruyff Education\"},\"image\":{\"@id\":\"https:\/\/cruyffeducation.nl\/es\/#\/schema\/logo\/image\/\"}}]}<\/script>\n<!-- \/ Yoast SEO plugin. -->","yoast_head_json":{"title":"Sobre nosotros - Cruyff Education","description":"Descubre c\u00f3mo Cruyff Education apoya a deportistas y profesionales con programas flexibles adaptados a su ritmo y estilo de vida. Proporcionamos m\u00e1xima flexibilidad en horarios y duraci\u00f3n, para que cada estudiante pueda formarse de la manera que mejor encaje con sus aspiraciones, su ritmo y su estilo de vida.","robots":{"index":"index","follow":"follow","max-snippet":"max-snippet:-1","max-image-preview":"max-image-preview:large","max-video-preview":"max-video-preview:-1"},"canonical":"https:\/\/cruyffeducation.nl\/es\/sobre-nosotros\/","og_locale":"es_ES","og_type":"article","og_title":"Sobre nosotros - Cruyff Education","og_description":"Descubre c\u00f3mo Cruyff Education apoya a deportistas y profesionales con programas flexibles adaptados a su ritmo y estilo de vida. Proporcionamos m\u00e1xima flexibilidad en horarios y duraci\u00f3n, para que cada estudiante pueda formarse de la manera que mejor encaje con sus aspiraciones, su ritmo y su estilo de vida.","og_url":"https:\/\/cruyffeducation.nl\/es\/sobre-nosotros\/","og_site_name":"Cruyff Education","article_modified_time":"2026-04-14T10:05:06+00:00","og_image":[{"width":1894,"height":814,"url":"https:\/\/cruyffeducation.nl\/wp-content\/uploads\/2025\/11\/header-about-us.jpg","type":"image\/jpeg"}],"twitter_card":"summary_large_image","schema":{"@context":"https:\/\/schema.org","@graph":[{"@type":"WebPage","@id":"https:\/\/cruyffeducation.nl\/es\/sobre-nosotros\/","url":"https:\/\/cruyffeducation.nl\/es\/sobre-nosotros\/","name":"Sobre nosotros - Cruyff Education","isPartOf":{"@id":"https:\/\/cruyffeducation.nl\/es\/#website"},"primaryImageOfPage":{"@id":"https:\/\/cruyffeducation.nl\/es\/sobre-nosotros\/#primaryimage"},"image":{"@id":"https:\/\/cruyffeducation.nl\/es\/sobre-nosotros\/#primaryimage"},"thumbnailUrl":"https:\/\/cruyffeducation.nl\/wp-content\/uploads\/2025\/11\/header-about-us.jpg","datePublished":"2025-11-16T14:47:51+00:00","dateModified":"2026-04-14T10:05:06+00:00","description":"Descubre c\u00f3mo Cruyff Education apoya a deportistas y profesionales con programas flexibles adaptados a su ritmo y estilo de vida. Proporcionamos m\u00e1xima flexibilidad en horarios y duraci\u00f3n, para que cada estudiante pueda formarse de la manera que mejor encaje con sus aspiraciones, su ritmo y su estilo de vida.","breadcrumb":{"@id":"https:\/\/cruyffeducation.nl\/es\/sobre-nosotros\/#breadcrumb"},"inLanguage":"es","potentialAction":[{"@type":"ReadAction","target":["https:\/\/cruyffeducation.nl\/es\/sobre-nosotros\/"]}]},{"@type":"ImageObject","inLanguage":"es","@id":"https:\/\/cruyffeducation.nl\/es\/sobre-nosotros\/#primaryimage","url":"https:\/\/cruyffeducation.nl\/wp-content\/uploads\/2025\/11\/header-about-us.jpg","contentUrl":"https:\/\/cruyffeducation.nl\/wp-content\/uploads\/2025\/11\/header-about-us.jpg","width":1894,"height":814,"caption":"Ciclistas compitiendo en una carrera profesional en un vel\u00f3dromo."},{"@type":"BreadcrumbList","@id":"https:\/\/cruyffeducation.nl\/es\/sobre-nosotros\/#breadcrumb","itemListElement":[{"@type":"ListItem","position":1,"name":"Home","item":"https:\/\/cruyffeducation.nl\/es\/home\/"},{"@type":"ListItem","position":2,"name":"Sobre nosotros"}]},{"@type":"WebSite","@id":"https:\/\/cruyffeducation.nl\/es\/#website","url":"https:\/\/cruyffeducation.nl\/es\/","name":"Cruyff Education","description":"","publisher":{"@id":"https:\/\/cruyffeducation.nl\/es\/#organization"},"potentialAction":[{"@type":"SearchAction","target":{"@type":"EntryPoint","urlTemplate":"https:\/\/cruyffeducation.nl\/es\/?s={search_term_string}"},"query-input":{"@type":"PropertyValueSpecification","valueRequired":true,"valueName":"search_term_string"}}],"inLanguage":"es"},{"@type":"Organization","@id":"https:\/\/cruyffeducation.nl\/es\/#organization","name":"Cruyff Education","url":"https:\/\/cruyffeducation.nl\/es\/","logo":{"@type":"ImageObject","inLanguage":"es","@id":"https:\/\/cruyffeducation.nl\/es\/#\/schema\/logo\/image\/","url":"https:\/\/cruyffeducation.nl\/wp-content\/uploads\/2025\/11\/cruyff-education-logo.png","contentUrl":"https:\/\/cruyffeducation.nl\/wp-content\/uploads\/2025\/11\/cruyff-education-logo.png","width":108,"height":123,"caption":"Cruyff Education"},"image":{"@id":"https:\/\/cruyffeducation.nl\/es\/#\/schema\/logo\/image\/"}}]}},"uagb_featured_image_src":{"full":["https:\/\/cruyffeducation.nl\/wp-content\/uploads\/2025\/11\/header-about-us.jpg",1894,814,false],"thumbnail":["https:\/\/cruyffeducation.nl\/wp-content\/uploads\/2025\/11\/header-about-us-150x150.jpg",150,150,true],"medium":["https:\/\/cruyffeducation.nl\/wp-content\/uploads\/2025\/11\/header-about-us-300x129.jpg",300,129,true],"medium_large":["https:\/\/cruyffeducation.nl\/wp-content\/uploads\/2025\/11\/header-about-us-768x330.jpg",768,330,true],"large":["https:\/\/cruyffeducation.nl\/wp-content\/uploads\/2025\/11\/header-about-us-1024x440.jpg",1024,440,true],"1536x1536":["https:\/\/cruyffeducation.nl\/wp-content\/uploads\/2025\/11\/header-about-us-1536x660.jpg",1536,660,true],"2048x2048":["https:\/\/cruyffeducation.nl\/wp-content\/uploads\/2025\/11\/header-about-us.jpg",1894,814,false]},"uagb_author_info":{"display_name":"hum73","author_link":"https:\/\/cruyffeducation.nl\/es\/author\/hum73\/"},"uagb_comment_info":0,"uagb_excerpt":null,"mfb_rest_fields":["title","yoast_head","yoast_head_json","uagb_featured_image_src","uagb_author_info","uagb_comment_info","uagb_excerpt"],"_links":{"self":[{"href":"https:\/\/cruyffeducation.nl\/es\/wp-json\/wp\/v2\/pages\/1669","targetHints":{"allow":["GET"]}}],"collection":[{"href":"https:\/\/cruyffeducation.nl\/es\/wp-json\/wp\/v2\/pages"}],"about":[{"href":"https:\/\/cruyffeducation.nl\/es\/wp-json\/wp\/v2\/types\/page"}],"author":[{"embeddable":true,"href":"https:\/\/cruyffeducation.nl\/es\/wp-json\/wp\/v2\/users\/1"}],"replies":[{"embeddable":true,"href":"https:\/\/cruyffeducation.nl\/es\/wp-json\/wp\/v2\/comments?post=1669"}],"version-history":[{"count":1,"href":"https:\/\/cruyffeducation.nl\/es\/wp-json\/wp\/v2\/pages\/1669\/revisions"}],"predecessor-version":[{"id":4076,"href":"https:\/\/cruyffeducation.nl\/es\/wp-json\/wp\/v2\/pages\/1669\/revisions\/4076"}],"wp:featuredmedia":[{"embeddable":true,"href":"https:\/\/cruyffeducation.nl\/es\/wp-json\/wp\/v2\/media\/1670"}],"wp:attachment":[{"href":"https:\/\/cruyffeducation.nl\/es\/wp-json\/wp\/v2\/media?parent=1669"}],"curies":[{"name":"wp","href":"https:\/\/api.w.org\/{rel}","templated":true}]}}